{"id":8273,"date":"2025-10-21T16:55:09","date_gmt":"2025-10-21T13:55:09","guid":{"rendered":"https:\/\/haritakadastro.avrasya.edu.tr\/?page_id=8273"},"modified":"2025-11-24T11:20:36","modified_gmt":"2025-11-24T08:20:36","slug":"2024-2025-yili-diger-faaliyetler","status":"publish","type":"page","link":"https:\/\/haritakadastro.avrasya.edu.tr\/?page_id=8273","title":{"rendered":"Di\u011fer Faaliyetler (2024-2025)"},"content":{"rendered":"\n<p><strong>Harita ve Kadastro Program\u0131 olarak \u00f6\u011frencilerimizin mesleki, akademik ve sosyal geli\u015fimlerini desteklemek amac\u0131yla y\u0131l boyunca \u00e7e\u015fitli etkinlikler d\u00fczenlemekteyiz. Bu etkinlikler; teknik gezilerden seminerlere, at\u00f6lye \u00e7al\u0131\u015fmalar\u0131ndan kariyer g\u00fcnlerine kadar geni\u015f bir yelpazeyi kapsamaktad\u0131r.<\/strong><\/p>\n","protected":false},"excerpt":{"rendered":"<p>Harita ve Kadastro Program\u0131 olarak \u00f6\u011frencilerimizin mesleki, akademik ve sosyal geli\u015fimlerini desteklemek amac\u0131yla y\u0131l boyunca \u00e7e\u015fitli etkinlikler d\u00fczenlemekteyiz. Bu etkinlikler; teknik gezilerden seminerlere, at\u00f6lye \u00e7al\u0131\u015fmalar\u0131ndan kariyer g\u00fcnlerine kadar geni\u015f bir [&hellip;]<\/p>\n","protected":false},"author":1,"featured_media":0,"parent":0,"menu_order":0,"comment_status":"closed","ping_status":"closed","template":"","meta":{"footnotes":""},"class_list":["post-8273","page","type-page","status-publish","hentry"],"_links":{"self":[{"href":"https:\/\/haritakadastro.avrasya.edu.tr\/index.php?rest_route=\/wp\/v2\/pages\/8273","targetHints":{"allow":["GET"]}}],"collection":[{"href":"https:\/\/haritakadastro.avrasya.edu.tr\/index.php?rest_route=\/wp\/v2\/pages"}],"about":[{"href":"https:\/\/haritakadastro.avrasya.edu.tr\/index.php?rest_route=\/wp\/v2\/types\/page"}],"author":[{"embeddable":true,"href":"https:\/\/haritakadastro.avrasya.edu.tr\/index.php?rest_route=\/wp\/v2\/users\/1"}],"replies":[{"embeddable":true,"href":"https:\/\/haritakadastro.avrasya.edu.tr\/index.php?rest_route=%2Fwp%2Fv2%2Fcomments&post=8273"}],"version-history":[{"count":5,"href":"https:\/\/haritakadastro.avrasya.edu.tr\/index.php?rest_route=\/wp\/v2\/pages\/8273\/revisions"}],"predecessor-version":[{"id":8373,"href":"https:\/\/haritakadastro.avrasya.edu.tr\/index.php?rest_route=\/wp\/v2\/pages\/8273\/revisions\/8373"}],"wp:attachment":[{"href":"https:\/\/haritakadastro.avrasya.edu.tr\/index.php?rest_route=%2Fwp%2Fv2%2Fmedia&parent=8273"}],"curies":[{"name":"wp","href":"https:\/\/api.w.org\/{rel}","templated":true}]}}