{"id":8277,"date":"2025-10-21T16:18:00","date_gmt":"2025-10-21T13:18:00","guid":{"rendered":"https:\/\/haritakadastro.avrasya.edu.tr\/?page_id=8277"},"modified":"2025-10-21T16:18:01","modified_gmt":"2025-10-21T13:18:01","slug":"komisyon-sorumlular","status":"publish","type":"page","link":"https:\/\/haritakadastro.avrasya.edu.tr\/?page_id=8277","title":{"rendered":"Komisyon\/Sorumlular"},"content":{"rendered":"\n<p><strong>\u0130ntibak Komisyonu<\/strong><br>\u00d6\u011fr. G\u00f6r. Zeynep Nur DEREL\u0130O\u011eLU<br>Prof. Dr. Cemal BIYIK<br>Prof. Dr. Celalettin KARAL\u0130<br><strong>De\u011fi\u015fim Program\u0131 Sorumlusu<\/strong><br>\u00d6\u011fr. G\u00f6r. Zeynep Nur DEREL\u0130O\u011eLU<br><strong>Stratejik Plan\/B\u0130DR Sorumlusu<\/strong><br>\u00d6\u011fr. G\u00f6r. Prof. Dr. Cemal BIYIK<br><strong>Proje Sorumlusu<\/strong><br>\u00d6\u011fr. G\u00f6r. Zeynep Nur DEREL\u0130O\u011eLU<br><strong>Mezun \u0130zleme Sorumlusu<\/strong><br>Prof. Dr. Celalettin KARAL\u0130<\/p>\n","protected":false},"excerpt":{"rendered":"<p>\u0130ntibak Komisyonu\u00d6\u011fr. G\u00f6r. Zeynep Nur DEREL\u0130O\u011eLUProf. Dr. Cemal BIYIKProf. Dr. Celalettin KARAL\u0130De\u011fi\u015fim Program\u0131 Sorumlusu\u00d6\u011fr. G\u00f6r. Zeynep Nur DEREL\u0130O\u011eLUStratejik Plan\/B\u0130DR Sorumlusu\u00d6\u011fr. G\u00f6r. Prof. Dr. Cemal BIYIKProje Sorumlusu\u00d6\u011fr. G\u00f6r. Zeynep Nur DEREL\u0130O\u011eLUMezun [&hellip;]<\/p>\n","protected":false},"author":1,"featured_media":0,"parent":0,"menu_order":0,"comment_status":"closed","ping_status":"closed","template":"","meta":{"footnotes":""},"class_list":["post-8277","page","type-page","status-publish","hentry"],"_links":{"self":[{"href":"https:\/\/haritakadastro.avrasya.edu.tr\/index.php?rest_route=\/wp\/v2\/pages\/8277","targetHints":{"allow":["GET"]}}],"collection":[{"href":"https:\/\/haritakadastro.avrasya.edu.tr\/index.php?rest_route=\/wp\/v2\/pages"}],"about":[{"href":"https:\/\/haritakadastro.avrasya.edu.tr\/index.php?rest_route=\/wp\/v2\/types\/page"}],"author":[{"embeddable":true,"href":"https:\/\/haritakadastro.avrasya.edu.tr\/index.php?rest_route=\/wp\/v2\/users\/1"}],"replies":[{"embeddable":true,"href":"https:\/\/haritakadastro.avrasya.edu.tr\/index.php?rest_route=%2Fwp%2Fv2%2Fcomments&post=8277"}],"version-history":[{"count":2,"href":"https:\/\/haritakadastro.avrasya.edu.tr\/index.php?rest_route=\/wp\/v2\/pages\/8277\/revisions"}],"predecessor-version":[{"id":8291,"href":"https:\/\/haritakadastro.avrasya.edu.tr\/index.php?rest_route=\/wp\/v2\/pages\/8277\/revisions\/8291"}],"wp:attachment":[{"href":"https:\/\/haritakadastro.avrasya.edu.tr\/index.php?rest_route=%2Fwp%2Fv2%2Fmedia&parent=8277"}],"curies":[{"name":"wp","href":"https:\/\/api.w.org\/{rel}","templated":true}]}}