{"id":8280,"date":"2025-10-21T16:18:58","date_gmt":"2025-10-21T13:18:58","guid":{"rendered":"https:\/\/haritakadastro.avrasya.edu.tr\/?page_id=8280"},"modified":"2025-10-21T16:19:06","modified_gmt":"2025-10-21T13:19:06","slug":"anketler","status":"publish","type":"page","link":"https:\/\/haritakadastro.avrasya.edu.tr\/?page_id=8280","title":{"rendered":"Anketler"},"content":{"rendered":"\n<p>2024-2025 G\u00fcz D\u00f6nemi Ders ve \u00d6\u011fretim Eleman\u0131 De\u011ferlendirme Anketi sonu\u00e7 raporuna ula\u015fmak i\u00e7in t\u0131klay\u0131n\u0131z.<\/p>\n\n\n\n<p>2023-2024 Bahar D\u00f6nemi Ders ve \u00d6\u011fretim Eleman\u0131 De\u011ferlendirme Anketi sonu\u00e7 raporuna ula\u015fmak i\u00e7in t\u0131klay\u0131n\u0131z.<\/p>\n\n\n\n<p>2023-2024 G\u00fcz D\u00f6nemi Ders ve \u00d6\u011fretim Eleman\u0131 De\u011ferlendirme Anketi sonu\u00e7 raporuna ula\u015fmak i\u00e7in t\u0131klay\u0131n\u0131z.<\/p>\n","protected":false},"excerpt":{"rendered":"<p>2024-2025 G\u00fcz D\u00f6nemi Ders ve \u00d6\u011fretim Eleman\u0131 De\u011ferlendirme Anketi sonu\u00e7 raporuna ula\u015fmak i\u00e7in t\u0131klay\u0131n\u0131z. 2023-2024 Bahar D\u00f6nemi Ders ve \u00d6\u011fretim Eleman\u0131 De\u011ferlendirme Anketi sonu\u00e7 raporuna ula\u015fmak i\u00e7in t\u0131klay\u0131n\u0131z. 2023-2024 G\u00fcz [&hellip;]<\/p>\n","protected":false},"author":1,"featured_media":0,"parent":0,"menu_order":0,"comment_status":"closed","ping_status":"closed","template":"","meta":{"footnotes":""},"class_list":["post-8280","page","type-page","status-publish","hentry"],"_links":{"self":[{"href":"https:\/\/haritakadastro.avrasya.edu.tr\/index.php?rest_route=\/wp\/v2\/pages\/8280","targetHints":{"allow":["GET"]}}],"collection":[{"href":"https:\/\/haritakadastro.avrasya.edu.tr\/index.php?rest_route=\/wp\/v2\/pages"}],"about":[{"href":"https:\/\/haritakadastro.avrasya.edu.tr\/index.php?rest_route=\/wp\/v2\/types\/page"}],"author":[{"embeddable":true,"href":"https:\/\/haritakadastro.avrasya.edu.tr\/index.php?rest_route=\/wp\/v2\/users\/1"}],"replies":[{"embeddable":true,"href":"https:\/\/haritakadastro.avrasya.edu.tr\/index.php?rest_route=%2Fwp%2Fv2%2Fcomments&post=8280"}],"version-history":[{"count":4,"href":"https:\/\/haritakadastro.avrasya.edu.tr\/index.php?rest_route=\/wp\/v2\/pages\/8280\/revisions"}],"predecessor-version":[{"id":8299,"href":"https:\/\/haritakadastro.avrasya.edu.tr\/index.php?rest_route=\/wp\/v2\/pages\/8280\/revisions\/8299"}],"wp:attachment":[{"href":"https:\/\/haritakadastro.avrasya.edu.tr\/index.php?rest_route=%2Fwp%2Fv2%2Fmedia&parent=8280"}],"curies":[{"name":"wp","href":"https:\/\/api.w.org\/{rel}","templated":true}]}}